{"id":11801,"date":"2018-10-04T07:56:26","date_gmt":"2022-03-08T10:27:33","guid":{"rendered":"https:\/\/sheepangroup.com\/?post_type=product&#038;p=11801"},"modified":"2022-03-08T13:27:34","modified_gmt":"2022-03-08T10:27:34","slug":"%d8%a8%d8%b1%d8%a7%d8%af-%d9%85%d9%86%d8%b2%d9%84%d9%8a-%d8%aa%d8%a8%d8%b1%d9%8a%d8%af-%d9%87%d9%88%d8%a7%d8%a1-%d9%86%d9%88-%d9%81%d9%88%d8%b1%d8%b3%d8%aa-rm860tf4e-w-a","status":"publish","type":"product","link":"https:\/\/sheepangroup.com\/en\/product\/%d8%a8%d8%b1%d8%a7%d8%af-%d9%85%d9%86%d8%b2%d9%84%d9%8a-%d8%aa%d8%a8%d8%b1%d9%8a%d8%af-%d9%87%d9%88%d8%a7%d8%a1-%d9%86%d9%88-%d9%81%d9%88%d8%b1%d8%b3%d8%aa-rm860tf4e-w-a\/","title":{"rendered":"\u0628\u0631\u0627\u062f \u0645\u0646\u0632\u0644\u064a \u062a\u0628\u0631\u064a\u062f \u0647\u0648\u0627\u0621 (\u0646\u0648 \u0641\u0648\u0631\u0633\u062a) &#8211; (++RM860TF4E-W (A"},"content":{"rendered":"<div class=\"wpb-content-wrapper\"><p>[vc_row content_placement=&#8221;top&#8221;][vc_column css=&#8221;.vc_custom_1532433256788{margin-right: 15px !important;}&#8221; offset=&#8221;vc_col-md-8&#8243;]\n\t\t<div id=\"wd-5d96fac4ab656\" class=\"title-wrapper wd-wpb wd-set-mb reset-last-child  wd-rs-5d96fac4ab656 wd-title-color-default wd-title-style-default text-right vc_custom_1570175690830 wd-underline-colored\">\n\t\t\t\n\t\t\t<div class=\"liner-continer\">\n\t\t\t\t<h4 class=\"woodmart-title-container title  wd-font-weight-600 wd-fontsize-m\" >\u0628\u0631\u0627\u062f\u0627\u062a \u0645\u0646\u0632\u0644\u064a\u0629 \u062a\u0628\u0631\u064a\u062f \u0647\u0648\u0627\u0621 ( \u0646\u0648 \u0641\u0648\u0631\u0633\u062a ) :<\/h4>\n\t\t\t\t\t\t\t<\/div>\n\t\t\t\n\t\t\t\n\t\t\t\n\t\t<\/div>\n\t\t\n\t\t[vc_column_text css=&#8221;.vc_custom_1582746571150{margin-bottom: 30px !important;}&#8221; text_larger=&#8221;no&#8221;]\u0628\u0627\u0628\u064a\u0646 , \u0623\u0646\u0638\u0645\u0629 \u062a\u0628\u0631\u064a\u062f No Frost \u062b\u0644\u0627\u062b\u064a\u0629 \u0627\u0644\u0623\u0628\u0639\u0627\u062f\u060c \u0627\u0644\u0625\u0646\u0627\u0631\u0629 \u0627\u0644\u062f\u0627\u062e\u0644\u064a\u0629 \u0627\u0644\u0623\u0646\u064a\u0642\u0629, \u0631\u0641\u0648\u0641 \u0632\u062c\u0627\u062c \u0645\u0642\u0627\u0648\u0645\u0629 \u0644\u0644\u0643\u0633\u0631\u060c \u0644\u0648\u062d\u0629 \u062a\u062d\u0643\u0645 \u0644\u0645\u0633 \u0628\u0627\u0644\u0643\u0627\u0645\u0644 \u0645\u0639 <strong>\u0634\u0627\u0634\u0629 \u062f\u064a\u062c\u064a\u062a\u0627\u0644<\/strong>\u060c \u0645\u0632\u0648\u062f \u0628\u0627\u0644\u0648\u0636\u0639\u064a\u0627\u062a \u0627\u0644\u0630\u0643\u064a\u0629\u060c \u0646\u0638\u0627\u0645 \u0645\u0627\u0646\u0639 \u0627\u0644\u062a\u062c\u0645\u062f \u0627\u0644\u0630\u0643\u064a\u060c \u0645\u0632\u0648\u062f \u0628\u0645\u0631\u0648\u062d\u0629 \u062a\u0648\u0631\u0628\u0648 \u0641\u0627\u0646 , \u0646\u0638\u0627\u0645 \u0627\u0644\u062a\u0628\u0631\u064a\u062f \u0627\u0644\u0633\u0631\u064a\u0639\u060c \u0645\u0643\u0639\u0628\u0627\u062a \u062b\u0644\u062c[\/vc_column_text]\n\t\t<div id=\"wd-5d944dac2cdce\" class=\"title-wrapper wd-wpb wd-set-mb reset-last-child  wd-rs-5d944dac2cdce wd-title-color-default wd-title-style-default text-right  wd-underline-colored\">\n\t\t\t\n\t\t\t<div class=\"liner-continer\">\n\t\t\t\t<h4 class=\"woodmart-title-container title  wd-font-weight-600 wd-fontsize-m\" >\u0645\u0645\u064a\u0632\u0627\u062a \u062e\u0627\u0635\u0629 :<\/h4>\n\t\t\t\t\t\t\t<\/div>\n\t\t\t\n\t\t\t\n\t\t\t\n\t\t<\/div>\n\t\t\n\t\t[vc_row_inner][vc_column_inner width=&#8221;1\/2&#8243;][\/vc_column_inner][vc_column_inner width=&#8221;1\/2&#8243;]\n\t\t<ul class=\" wd-rs-5e56c81b96039 wd-list wd-wpb color-scheme- wd-fontsize-xs wd-type-icon wd-style-default text-left \" id=\"wd-5e56c81b96039\">\n\t\t\t\t\t\t\t\t\t\t\t<li>\n\t\t\t\t\t<span class=\"wd-icon typcn typcn-tick\"><\/span>\n\t\t\t\t\t<span class=\"wd-list-content list-content\">\n\t\t\t\t\t\t\t\t\t\t\t\t\t<strong style=\"color:#111\">\u0627\u0644\u0645\u0648\u062f\u064a\u0644 :<\/strong> RM860TF4E-W\t\t\t\t\t\t\t\t\t\t\t<\/span>\n\t\t\t\t<\/li>\n\t\t\t\t\t\t\t\t\t\t\t<li>\n\t\t\t\t\t<span class=\"wd-icon typcn typcn-tick\"><\/span>\n\t\t\t\t\t<span class=\"wd-list-content list-content\">\n\t\t\t\t\t\t\t\t\t\t\t\t\t<strong style=\"color:#111\">\u0627\u0644\u0637\u0627\u0642\u0629 : ++<\/strong> A\t\t\t\t\t\t\t\t\t\t\t<\/span>\n\t\t\t\t<\/li>\n\t\t\t\t\t\t\t\t\t\t\t<li>\n\t\t\t\t\t<span class=\"wd-icon typcn typcn-tick\"><\/span>\n\t\t\t\t\t<span class=\"wd-list-content list-content\">\n\t\t\t\t\t\t\t\t\t\t\t\t\t<strong style=\"color:#111\">\u0627\u0644\u0645\u0627\u0631\u0643\u0629 :<\/strong> \u0641\u064a\u0633\u062a\u0644\t\t\t\t\t\t\t\t\t\t\t<\/span>\n\t\t\t\t<\/li>\n\t\t\t\t\t\t\t\t\t\t\t<li>\n\t\t\t\t\t<span class=\"wd-icon typcn typcn-tick\"><\/span>\n\t\t\t\t\t<span class=\"wd-list-content list-content\">\n\t\t\t\t\t\t\t\t\t\t\t\t\t<strong style=\"color:#111\">\u0627\u0644\u0644\u0648\u0646 :<\/strong> \u0623\u0628\u064a\u0636\t\t\t\t\t\t\t\t\t\t\t<\/span>\n\t\t\t\t<\/li>\n\t\t\t\t\t\t\t\t\t\t\t<li>\n\t\t\t\t\t<span class=\"wd-icon typcn typcn-tick\"><\/span>\n\t\t\t\t\t<span class=\"wd-list-content list-content\">\n\t\t\t\t\t\t\t\t\t\t\t\t\t<strong style=\"color:#111\">\u0627\u0644\u0642\u064a\u0627\u0633\u0627\u062a ( \u0633\u0645 )  (\u0639\u0645\u0642\u00d7\u0639\u0631\u0636\u00d7\u0627\u0631\u062a\u0641\u0627\u0639):<\/strong> 84\u00d775\u00d7186\t\t\t\t\t\t\t\t\t\t\t<\/span>\n\t\t\t\t<\/li>\n\t\t\t\t\t\t\t\t\t\t\t<li>\n\t\t\t\t\t<span class=\"wd-icon typcn typcn-tick\"><\/span>\n\t\t\t\t\t<span class=\"wd-list-content list-content\">\n\t\t\t\t\t\t\t\t\t\t\t\t\t<strong style=\"color:#111\">\u0627\u0644\u062d\u062c\u0645 ( \u0644\u062a\u0631 ) (\u0627\u0644\u0641\u0631\u064a\u0632\u0631\/\u0627\u0644\u0628\u0631\u0627\u062f\/\u0627\u0644\u0643\u0644\u064a):<\/strong> 625\/453\/172\t\t\t\t\t\t\t\t\t\t\t<\/span>\n\t\t\t\t<\/li>\n\t\t\t\t\t<\/ul>\n\t\t[\/vc_column_inner][\/vc_row_inner][\/vc_column][vc_column offset=&#8221;vc_col-md-4&#8243;]\n\t\t<div id=\"wd-5d944d78bae46\" class=\"title-wrapper wd-wpb wd-set-mb reset-last-child  wd-rs-5d944d78bae46 wd-title-color-default wd-title-style-default text-right vc_custom_1570000262240 wd-underline-colored\">\n\t\t\t\n\t\t\t<div class=\"liner-continer\">\n\t\t\t\t<h4 class=\"woodmart-title-container title  wd-font-weight-600 wd-fontsize-m\" >\u062a\u0648\u0627\u0635\u0644 \u0645\u0639\u0646\u0627 :<\/h4>\n\t\t\t\t\t\t\t<\/div>\n\t\t\t\n\t\t\t\n\t\t\t\n\t\t<\/div>\n\t\t\n\t\t[vc_gmaps link=&#8221;#E-8_JTNDaWZyYW1lJTIwc3JjJTNEJTIyaHR0cHMlM0ElMkYlMkZ3d3cuZ29vZ2xlLmNvbSUyRm1hcHMlMkZlbWJlZCUzRnBiJTNEJTIxMW0xOCUyMTFtMTIlMjExbTMlMjExZDE5OC45NzExNDM2OTQxNTAyMSUyMTJkMzcuMzczNjIzMjQ5MDYyNzglMjEzZDM3LjA2ODQ4NDIzMzg3MTgzJTIxMm0zJTIxMWYwJTIxMmYwJTIxM2YwJTIxM20yJTIxMWkxMDI0JTIxMmk3NjglMjE0ZjEzLjElMjEzbTMlMjExbTIlMjExczB4MTUzMWUxNGZhNDZjODQ4MSUyNTNBMHhjZmJmMThkYmQ2OTNhOTg2JTIxMnNLZXBrZXAlMjUyMFBsYXphJTIxNWUwJTIxM20yJTIxMXNlbiUyMTJzdHIlMjE0djE1Njk0MTg5NTgwNDklMjE1bTIlMjExc2VuJTIxMnN0ciUyMiUyMHdpZHRoJTNEJTIyNjAwJTIyJTIwaGVpZ2h0JTNEJTIyNDUwJTIyJTIwZnJhbWVib3JkZXIlM0QlMjIwJTIyJTIwc3R5bGUlM0QlMjJib3JkZXIlM0EwJTNCJTIyJTIwYWxsb3dmdWxsc2NyZWVuJTNEJTIyJTIyJTNFJTNDJTJGaWZyYW1lJTNF&#8221; size=&#8221;300px&#8221;][vc_column_text css=&#8221;.vc_custom_1570002058675{margin-top: 35px !important;margin-bottom: 35px !important;border-bottom-width: 1px !important;padding-bottom: 35px !important;border-bottom-color: rgba(129,129,129,0.2) !important;border-bottom-style: solid !important;}&#8221; text_larger=&#8221;no&#8221;]\u062a\u0642\u062f\u0645 \u0645\u062c\u0645\u0648\u0639\u0629 \u0634\u064a\u0628\u0627\u0646 \u0623\u0641\u0636\u0644 \u0627\u0644\u0645\u0646\u062a\u062c\u0627\u062a \u0628\u0623\u0641\u0636\u0644 \u0627\u0644\u0623\u0633\u0639\u0627\u0631 \u0627\u062a\u0635\u0644 \u0628\u0646\u0627<\/p>\n<div style=\"line-height: 2;\"><i class=\"fa fa-location-arrow\" style=\"width: 15px; text-align: center; margin-right: 4px; color: #676767;\"><\/i>\u0130ncili P\u0131nar, 27090 \u015eehitkamil\/Gaziantep<br \/>\n<i class=\"fa fa-mobile\" style=\"width: 15px; text-align: center; margin-right: 4px; color: #676767;\"><\/i> \u0631\u0642\u0645 \u0627\u0644\u0647\u0627\u062a\u0641 : 23 29 430 552 90+<br \/>\n<i class=\"fa fa-envelope-o\" style=\"width: 15px; text-align: center; margin-right: 4px; color: #676767;\"><\/i> \u0627\u0644\u0625\u064a\u0645\u064a\u0644 : info@sheepangroup.com<\/div>\n<p>[\/vc_column_text][\/vc_column][\/vc_row]<\/p>\n<\/div>","protected":false},"excerpt":{"rendered":"<p><a style=\"color: #d62025; font-weight: 600;\" href=\"https:\/\/sheepangroup.com\/ar\/product-tag\/%d9%86%d9%88%d9%81%d8%b1%d9%88%d8%b3%d8%aa\/\"> <button type=\"button\"> <img decoding=\"async\" src=\"https:\/\/sheepangroup.com\/wp-content\/uploads\/2021\/07\/right-arrow.png\" \/>\u00a0\u0627\u0644\u0639\u0648\u062f\u0629 \u0644\u0644\u0642\u0633\u0645 <\/button> <\/a> \u0628\u0627\u0628\u064a\u0646 , \u0623\u0646\u0638\u0645\u0629 \u062a\u0628\u0631\u064a\u062f No Frost \u062b\u0644\u0627\u062b\u064a\u0629 \u0627\u0644\u0623\u0628\u0639\u0627\u062f\u060c \u0627\u0644\u0625\u0646\u0627\u0631\u0629 \u0627\u0644\u062f\u0627\u062e\u0644\u064a\u0629 \u0627\u0644\u0623\u0646\u064a\u0642\u0629, \u0631\u0641\u0648\u0641 \u0632\u062c\u0627\u062c \u0645\u0642\u0627\u0648\u0645\u0629 \u0644\u0644\u0643\u0633\u0631\u060c \u0644\u0648\u062d\u0629 \u062a\u062d\u0643\u0645 \u0644\u0645\u0633 \u0628\u0627\u0644\u0643\u0627\u0645\u0644 \u0645\u0639 \u0634\u0627\u0634\u0629 \u062f\u064a\u062c\u064a\u062a\u0627\u0644\u060c \u0645\u0632\u0648\u062f \u0628\u0627\u0644\u0648\u0636\u0639\u064a\u0627\u062a \u0627\u0644\u0630\u0643\u064a\u0629\u060c \u0646\u0638\u0627\u0645 \u0645\u0627\u0646\u0639 \u0627\u0644\u062a\u062c\u0645\u062f \u0627\u0644\u0630\u0643\u064a\u060c \u0645\u0632\u0648\u062f \u0628\u0645\u0631\u0648\u062d\u0629 \u062a\u0648\u0631\u0628\u0648 \u0641\u0627\u0646 , \u0646\u0638\u0627\u0645 \u0627\u0644\u062a\u0628\u0631\u064a\u062f \u0627\u0644\u0633\u0631\u064a\u0639\u060c \u0645\u0643\u0639\u0628\u0627\u062a \u062b\u0644\u062c ,(\u0627\u0644\u0625\u064a\u0646\u0648\u0643\u0633 \u0644\u0627 \u064a\u062a\u0631\u0643 \u0622\u062b\u0627\u0631\u0627\u064b \u0644\u0644\u0628\u0635\u0645\u0627\u062a )<\/p>\n","protected":false},"featured_media":14272,"template":"","meta":[],"product_brand":[],"product_cat":[219,65],"product_tag":[86],"class_list":{"0":"post-11801","1":"product","2":"type-product","3":"status-publish","4":"has-post-thumbnail","6":"product_cat-refrigerators-and-freezers","7":"product_cat-vestel","8":"product_tag-refrigerator","10":"first","11":"instock","12":"shipping-taxable","13":"product-type-simple"},"_links":{"self":[{"href":"https:\/\/sheepangroup.com\/en\/wp-json\/wp\/v2\/product\/11801","targetHints":{"allow":["GET"]}}],"collection":[{"href":"https:\/\/sheepangroup.com\/en\/wp-json\/wp\/v2\/product"}],"about":[{"href":"https:\/\/sheepangroup.com\/en\/wp-json\/wp\/v2\/types\/product"}],"wp:featuredmedia":[{"embeddable":true,"href":"https:\/\/sheepangroup.com\/en\/wp-json\/wp\/v2\/media\/14272"}],"wp:attachment":[{"href":"https:\/\/sheepangroup.com\/en\/wp-json\/wp\/v2\/media?parent=11801"}],"wp:term":[{"taxonomy":"product_brand","embeddable":true,"href":"https:\/\/sheepangroup.com\/en\/wp-json\/wp\/v2\/product_brand?post=11801"},{"taxonomy":"product_cat","embeddable":true,"href":"https:\/\/sheepangroup.com\/en\/wp-json\/wp\/v2\/product_cat?post=11801"},{"taxonomy":"product_tag","embeddable":true,"href":"https:\/\/sheepangroup.com\/en\/wp-json\/wp\/v2\/product_tag?post=11801"}],"curies":[{"name":"wp","href":"https:\/\/api.w.org\/{rel}","templated":true}]}}