{"id":3213,"date":"2019-09-12T11:55:56","date_gmt":"2019-09-12T11:55:56","guid":{"rendered":"https:\/\/sheepangroup.com\/?post_type=product&#038;p=3213"},"modified":"2021-11-03T10:38:56","modified_gmt":"2021-11-03T10:38:56","slug":"gas-furnaces-gx-506x","status":"publish","type":"product","link":"https:\/\/sheepangroup.com\/en\/product\/gas-furnaces-gx-506x\/","title":{"rendered":"Gas furnaces GX 506X"},"content":{"rendered":"<div class=\"wpb-content-wrapper\"><p>[vc_row content_placement=&#8221;top&#8221;][vc_column css=&#8221;.vc_custom_1532433256788{margin-right: 15px !important;}&#8221; offset=&#8221;vc_col-md-8&#8243;]\n\t\t<div id=\"wd-5d7a313b385ac\" class=\"title-wrapper wd-wpb wd-set-mb reset-last-child  wd-rs-5d7a313b385ac wd-title-color-default wd-title-style-default text-left vc_custom_1568289095738 wd-underline-colored\">\n\t\t\t\n\t\t\t<div class=\"liner-continer\">\n\t\t\t\t<h4 class=\"woodmart-title-container title  wd-font-weight-600 wd-fontsize-m\" >Gas furnaces (external gas jar)<\/h4>\n\t\t\t\t\t\t\t<\/div>\n\t\t\t\n\t\t\t\n\t\t\t\n\t\t<\/div>\n\t\t\n\t\t[vc_column_text css=&#8221;.vc_custom_1568289102629{margin-bottom: 30px !important;}&#8221; text_larger=&#8221;no&#8221;]5 heads (4 gas heads + 1 large electric head), 1500 Watt power, 1 chicken broiler, 2 bulbs, 2 external gas cylinders<br \/>\nTimer, Gas lighters for gas heads, Double Crystal, Oven inside (gas + gas,)<br \/>\nItalian, Italian burn[\/vc_column_text]\n\t\t<div id=\"wd-5d79f2d77a2f6\" class=\"title-wrapper wd-wpb wd-set-mb reset-last-child  wd-rs-5d79f2d77a2f6 wd-title-color-default wd-title-style-default text-left  wd-underline-colored\">\n\t\t\t\n\t\t\t<div class=\"liner-continer\">\n\t\t\t\t<h4 class=\"woodmart-title-container title  wd-font-weight-600 wd-fontsize-m\" >Special features<\/h4>\n\t\t\t\t\t\t\t<\/div>\n\t\t\t\n\t\t\t\n\t\t\t\n\t\t<\/div>\n\t\t\n\t\t[vc_row_inner][vc_column_inner width=&#8221;1\/2&#8243;]\n\t\t<ul class=\" wd-rs-5d7a329d6406a wd-list wd-wpb color-scheme- wd-fontsize-xs wd-type-icon wd-style-default text-left \" id=\"wd-5d7a329d6406a\">\n\t\t\t\t\t\t\t\t\t\t\t<li>\n\t\t\t\t\t<span class=\"wd-icon typcn typcn-tick\"><\/span>\n\t\t\t\t\t<span class=\"wd-list-content list-content\">\n\t\t\t\t\t\t\t\t\t\t\t\t\t<strong style=\"color:#111\">model:<\/strong> GX 506X\t\t\t\t\t\t\t\t\t\t\t<\/span>\n\t\t\t\t<\/li>\n\t\t\t\t\t\t\t\t\t\t\t<li>\n\t\t\t\t\t<span class=\"wd-icon typcn typcn-tick\"><\/span>\n\t\t\t\t\t<span class=\"wd-list-content list-content\">\n\t\t\t\t\t\t\t\t\t\t\t\t\t<strong style=\"color:#111\">Brand:<\/strong> Gentex\t\t\t\t\t\t\t\t\t\t\t<\/span>\n\t\t\t\t<\/li>\n\t\t\t\t\t\t\t\t\t\t\t<li>\n\t\t\t\t\t<span class=\"wd-icon typcn typcn-tick\"><\/span>\n\t\t\t\t\t<span class=\"wd-list-content list-content\">\n\t\t\t\t\t\t\t\t\t\t\t\t\t<strong style=\"color:#111\">Measurement:<\/strong> 60\u00d790 cm\t\t\t\t\t\t\t\t\t\t\t<\/span>\n\t\t\t\t<\/li>\n\t\t\t\t\t\t\t\t\t\t\t<li>\n\t\t\t\t\t<span class=\"wd-icon typcn typcn-tick\"><\/span>\n\t\t\t\t\t<span class=\"wd-list-content list-content\">\n\t\t\t\t\t\t\t\t\t\t\t\t\t<strong style=\"color:#111\">Color:<\/strong> Full stainless steel\t\t\t\t\t\t\t\t\t\t\t<\/span>\n\t\t\t\t<\/li>\n\t\t\t\t\t\t\t\t\t\t\t<li>\n\t\t\t\t\t<span class=\"wd-icon typcn typcn-tick\"><\/span>\n\t\t\t\t\t<span class=\"wd-list-content list-content\">\n\t\t\t\t\t\t\t\t\t\t\t\t\t<strong style=\"color:#111\">Style:<\/strong> AVANGARD\t\t\t\t\t\t\t\t\t\t\t<\/span>\n\t\t\t\t<\/li>\n\t\t\t\t\t<\/ul>\n\t\t[\/vc_column_inner][vc_column_inner width=&#8221;1\/2&#8243;][\/vc_column_inner][\/vc_row_inner][\/vc_column][vc_column offset=&#8221;vc_col-md-4&#8243;]\n\t\t<div id=\"wd-69f5c4a8c3267\" class=\"title-wrapper wd-wpb wd-set-mb reset-last-child  wd-title-color-default wd-title-style-default text-left vc_custom_1532355238124 wd-underline-colored\">\n\t\t\t\n\t\t\t<div class=\"liner-continer\">\n\t\t\t\t<h4 class=\"woodmart-title-container title  wd-font-weight-600 wd-fontsize-m\" >How to find us<\/h4>\n\t\t\t\t\t\t\t<\/div>\n\t\t\t\n\t\t\t\n\t\t\t\n\t\t<\/div>\n\t\t\n\t\t[vc_gmaps link=&#8221;#E-8_JTNDaWZyYW1lJTIwc3JjJTNEJTIyaHR0cHMlM0ElMkYlMkZ3d3cuZ29vZ2xlLmNvbSUyRm1hcHMlMkZlbWJlZCUzRnBiJTNEJTIxMW0xOCUyMTFtMTIlMjExbTMlMjExZDE5OC45NzExNDM2OTQxNTAyMSUyMTJkMzcuMzczNjIzMjQ5MDYyNzglMjEzZDM3LjA2ODQ4NDIzMzg3MTgzJTIxMm0zJTIxMWYwJTIxMmYwJTIxM2YwJTIxM20yJTIxMWkxMDI0JTIxMmk3NjglMjE0ZjEzLjElMjEzbTMlMjExbTIlMjExczB4MTUzMWUxNGZhNDZjODQ4MSUyNTNBMHhjZmJmMThkYmQ2OTNhOTg2JTIxMnNLZXBrZXAlMjUyMFBsYXphJTIxNWUwJTIxM20yJTIxMXNlbiUyMTJzdHIlMjE0djE1Njk0MjA3NDk0MzklMjE1bTIlMjExc2VuJTIxMnN0ciUyMiUyMHdpZHRoJTNEJTIyNjAwJTIyJTIwaGVpZ2h0JTNEJTIyNDUwJTIyJTIwZnJhbWVib3JkZXIlM0QlMjIwJTIyJTIwc3R5bGUlM0QlMjJib3JkZXIlM0EwJTNCJTIyJTIwYWxsb3dmdWxsc2NyZWVuJTNEJTIyJTIyJTNFJTNDJTJGaWZyYW1lJTNF&#8221; size=&#8221;300px&#8221;][vc_column_text css=&#8221;.vc_custom_1569422424762{margin-top: 35px !important;margin-bottom: 35px !important;border-bottom-width: 1px !important;padding-bottom: 35px !important;border-bottom-color: rgba(129,129,129,0.2) !important;border-bottom-style: solid !important;}&#8221; text_larger=&#8221;no&#8221;]Sheepan Group offers the best products at the best prices Contact us<\/p>\n<div style=\"line-height: 2;\"><i class=\"fa fa-location-arrow\" style=\"width: 15px; text-align: center; margin-right: 4px; color: #676767;\"><\/i>\u0130ncili P\u0131nar, 27090 \u015eehitkamil\/Gaziantep<br \/>\n<i class=\"fa fa-mobile\" style=\"width: 15px; text-align: center; margin-right: 4px; color: #676767;\"><\/i> Phone: +90 552 430 29 23<br \/>\n<i class=\"fa fa-envelope-o\" style=\"width: 15px; text-align: center; margin-right: 4px; color: #676767;\"><\/i> Email: info@sheepangroup.com<\/div>\n<p>&nbsp;<\/p>\n<div id=\"gtx-trans\" style=\"position: absolute; left: 137px; top: -12px;\">\n<div class=\"gtx-trans-icon\"><\/div>\n<\/div>\n<p>[\/vc_column_text][\/vc_column][\/vc_row]<\/p>\n<\/div>","protected":false},"excerpt":{"rendered":"<p>5 heads (4 gas heads + 1 large electric head), 1500 Watt power, 1 chicken broiler, 2 bulbs, 2 external gas cylinders<br \/>\nTimer, Gas lighters for gas heads, Double Crystal, Oven inside (gas + gas,)<br \/>\nItalian, Italian burn<\/p>\n","protected":false},"featured_media":11594,"template":"","meta":[],"product_brand":[],"product_cat":[66],"product_tag":[81,127],"class_list":{"0":"post-3213","1":"product","2":"type-product","3":"status-publish","4":"has-post-thumbnail","6":"product_cat-gentex","7":"product_tag-gas-furnaces-external-gas-jar","8":"product_tag-gas-ovens","10":"first","11":"instock","12":"shipping-taxable","13":"product-type-simple"},"_links":{"self":[{"href":"https:\/\/sheepangroup.com\/en\/wp-json\/wp\/v2\/product\/3213","targetHints":{"allow":["GET"]}}],"collection":[{"href":"https:\/\/sheepangroup.com\/en\/wp-json\/wp\/v2\/product"}],"about":[{"href":"https:\/\/sheepangroup.com\/en\/wp-json\/wp\/v2\/types\/product"}],"wp:featuredmedia":[{"embeddable":true,"href":"https:\/\/sheepangroup.com\/en\/wp-json\/wp\/v2\/media\/11594"}],"wp:attachment":[{"href":"https:\/\/sheepangroup.com\/en\/wp-json\/wp\/v2\/media?parent=3213"}],"wp:term":[{"taxonomy":"product_brand","embeddable":true,"href":"https:\/\/sheepangroup.com\/en\/wp-json\/wp\/v2\/product_brand?post=3213"},{"taxonomy":"product_cat","embeddable":true,"href":"https:\/\/sheepangroup.com\/en\/wp-json\/wp\/v2\/product_cat?post=3213"},{"taxonomy":"product_tag","embeddable":true,"href":"https:\/\/sheepangroup.com\/en\/wp-json\/wp\/v2\/product_tag?post=3213"}],"curies":[{"name":"wp","href":"https:\/\/api.w.org\/{rel}","templated":true}]}}