{"id":4089,"date":"2019-09-12T15:36:08","date_gmt":"2019-10-02T14:46:43","guid":{"rendered":"https:\/\/sheepangroup.com\/?post_type=product&#038;p=4089"},"modified":"2025-01-23T16:57:20","modified_gmt":"2025-01-23T13:57:20","slug":"%d9%85%d8%a8%d8%b1%d8%af%d8%a7%d8%aa-%d8%a7%d9%84%d9%85%d8%a7%d8%a1-gx-9","status":"publish","type":"product","link":"https:\/\/sheepangroup.com\/tr\/urun\/%d9%85%d8%a8%d8%b1%d8%af%d8%a7%d8%aa-%d8%a7%d9%84%d9%85%d8%a7%d8%a1-gx-9\/","title":{"rendered":"\u0639\u0628\u0648\u0629 \u062a\u0635\u0641\u064a\u0629 \u0645\u0627\u0621 GX-9"},"content":{"rendered":"<div class=\"wpb-content-wrapper\"><p>[vc_row content_placement=&#8221;top&#8221;][vc_column css=&#8221;.vc_custom_1532433256788{margin-right: 15px !important;}&#8221; offset=&#8221;vc_col-md-8&#8243;]\n\t\t<div id=\"wd-5d94b7f6edd2c\" class=\"title-wrapper wd-wpb wd-set-mb reset-last-child  wd-rs-5d94b7f6edd2c wd-title-color-default wd-title-style-default text-right vc_custom_1570027514424 wd-underline-colored\">\n\t\t\t\n\t\t\t<div class=\"liner-continer\">\n\t\t\t\t<h4 class=\"woodmart-title-container title  wd-font-weight-600 wd-fontsize-m\" >\u0645\u0628\u0631\u062f\u0627\u062a \u0627\u0644\u0645\u0627\u0621 :<\/h4>\n\t\t\t\t\t\t\t<\/div>\n\t\t\t\n\t\t\t\n\t\t\t\n\t\t<\/div>\n\t\t\n\t\t[vc_column_text css=&#8221;.vc_custom_1592493765407{margin-bottom: 30px !important;}&#8221; text_larger=&#8221;no&#8221;]\u0639\u0628\u0648\u0629 \u0641\u0644\u062a\u0631\u0629 \u0645\u0627\u0621 20 \u0644\u062a\u0631, \u062d\u0628\u064a\u0628\u0627\u062a \u062a\u0635\u0641\u064a\u0629, \u0643\u0641\u0627\u0621\u0629 1500 \u0644\u062a\u0631, \u0643\u0631\u062a\u0648\u0646 \u0645\u0644\u0648\u0646.[\/vc_column_text]\n\t\t<div id=\"wd-5d944dac2cdce\" class=\"title-wrapper wd-wpb wd-set-mb reset-last-child  wd-rs-5d944dac2cdce wd-title-color-default wd-title-style-default text-right  wd-underline-colored\">\n\t\t\t\n\t\t\t<div class=\"liner-continer\">\n\t\t\t\t<h4 class=\"woodmart-title-container title  wd-font-weight-600 wd-fontsize-m\" >\u0645\u0645\u064a\u0632\u0627\u062a \u062e\u0627\u0635\u0629 :<\/h4>\n\t\t\t\t\t\t\t<\/div>\n\t\t\t\n\t\t\t\n\t\t\t\n\t\t<\/div>\n\t\t\n\t\t[vc_row_inner][vc_column_inner width=&#8221;1\/2&#8243;][\/vc_column_inner][vc_column_inner width=&#8221;1\/2&#8243;]\n\t\t<ul class=\" wd-rs-5e98a4d26b2ec wd-list wd-wpb color-scheme- wd-fontsize-xs wd-type-icon wd-style-default text-left \" id=\"wd-5e98a4d26b2ec\">\n\t\t\t\t\t\t\t\t\t\t\t<li>\n\t\t\t\t\t<span class=\"wd-icon typcn typcn-tick\"><\/span>\n\t\t\t\t\t<span class=\"wd-list-content list-content\">\n\t\t\t\t\t\t\t\t\t\t\t\t\t<strong style=\"color:#111\">\u0627\u0644\u0645\u0648\u062f\u064a\u0644 :<\/strong> GX-9\t\t\t\t\t\t\t\t\t\t\t<\/span>\n\t\t\t\t<\/li>\n\t\t\t\t\t\t\t\t\t\t\t<li>\n\t\t\t\t\t<span class=\"wd-icon typcn typcn-tick\"><\/span>\n\t\t\t\t\t<span class=\"wd-list-content list-content\">\n\t\t\t\t\t\t\t\t\t\t\t\t\t<strong style=\"color:#111\">\u0627\u0644\u0645\u0627\u0631\u0643\u0629 :<\/strong> \u062c\u064a\u0646\u062a\u0643\u0633\t\t\t\t\t\t\t\t\t\t\t<\/span>\n\t\t\t\t<\/li>\n\t\t\t\t\t\t\t\t\t\t\t<li>\n\t\t\t\t\t<span class=\"wd-icon typcn typcn-tick\"><\/span>\n\t\t\t\t\t<span class=\"wd-list-content list-content\">\n\t\t\t\t\t\t\t\t\t\t\t\t\t<strong style=\"color:#111\">\u0627\u0644\u0644\u0648\u0646 :<\/strong>\u0643\u0631\u064a\u0633\u062a\u0627\u0644 \u0634\u0641\u0627\u0641 \t\t\t\t\t\t\t\t\t\t\t<\/span>\n\t\t\t\t<\/li>\n\t\t\t\t\t\t\t\t\t\t\t<li>\n\t\t\t\t\t<span class=\"wd-icon typcn typcn-tick\"><\/span>\n\t\t\t\t\t<span class=\"wd-list-content list-content\">\n\t\t\t\t\t\t\t\t\t\t\t\t\t<strong style=\"color:#111\">\u0633\u0639\u0629 \u062d\u0627\u0648\u064a\u0629 HQ40 ( \u0642\u0637\u0639\u0629 ) :<\/strong> 1554\t\t\t\t\t\t\t\t\t\t\t<\/span>\n\t\t\t\t<\/li>\n\t\t\t\t\t\t\t\t\t\t\t<li>\n\t\t\t\t\t<span class=\"wd-icon typcn typcn-tick\"><\/span>\n\t\t\t\t\t<span class=\"wd-list-content list-content\">\n\t\t\t\t\t\t\t\t\t\t\t\t\t<strong style=\"color:#111\">\u0627\u0644\u0634\u0643\u0644:<\/strong> CLASSIC\t\t\t\t\t\t\t\t\t\t\t<\/span>\n\t\t\t\t<\/li>\n\t\t\t\t\t<\/ul>\n\t\t[\/vc_column_inner][\/vc_row_inner][\/vc_column][vc_column offset=&#8221;vc_col-md-4&#8243;]\n\t\t<div id=\"wd-5d944d78bae46\" class=\"title-wrapper wd-wpb wd-set-mb reset-last-child  wd-rs-5d944d78bae46 wd-title-color-default wd-title-style-default text-right vc_custom_1570000262240 wd-underline-colored\">\n\t\t\t\n\t\t\t<div class=\"liner-continer\">\n\t\t\t\t<h4 class=\"woodmart-title-container title  wd-font-weight-600 wd-fontsize-m\" >\u062a\u0648\u0627\u0635\u0644 \u0645\u0639\u0646\u0627 :<\/h4>\n\t\t\t\t\t\t\t<\/div>\n\t\t\t\n\t\t\t\n\t\t\t\n\t\t<\/div>\n\t\t\n\t\t[vc_gmaps link=&#8221;#E-8_JTNDaWZyYW1lJTIwc3JjJTNEJTIyaHR0cHMlM0ElMkYlMkZ3d3cuZ29vZ2xlLmNvbSUyRm1hcHMlMkZlbWJlZCUzRnBiJTNEJTIxMW0xOCUyMTFtMTIlMjExbTMlMjExZDE5OC45NzExNDM2OTQxNTAyMSUyMTJkMzcuMzczNjIzMjQ5MDYyNzglMjEzZDM3LjA2ODQ4NDIzMzg3MTgzJTIxMm0zJTIxMWYwJTIxMmYwJTIxM2YwJTIxM20yJTIxMWkxMDI0JTIxMmk3NjglMjE0ZjEzLjElMjEzbTMlMjExbTIlMjExczB4MTUzMWUxNGZhNDZjODQ4MSUyNTNBMHhjZmJmMThkYmQ2OTNhOTg2JTIxMnNLZXBrZXAlMjUyMFBsYXphJTIxNWUwJTIxM20yJTIxMXNlbiUyMTJzdHIlMjE0djE1Njk0MTg5NTgwNDklMjE1bTIlMjExc2VuJTIxMnN0ciUyMiUyMHdpZHRoJTNEJTIyNjAwJTIyJTIwaGVpZ2h0JTNEJTIyNDUwJTIyJTIwZnJhbWVib3JkZXIlM0QlMjIwJTIyJTIwc3R5bGUlM0QlMjJib3JkZXIlM0EwJTNCJTIyJTIwYWxsb3dmdWxsc2NyZWVuJTNEJTIyJTIyJTNFJTNDJTJGaWZyYW1lJTNF&#8221; size=&#8221;300px&#8221;][vc_column_text css=&#8221;.vc_custom_1570002058675{margin-top: 35px !important;margin-bottom: 35px !important;border-bottom-width: 1px !important;padding-bottom: 35px !important;border-bottom-color: rgba(129,129,129,0.2) !important;border-bottom-style: solid !important;}&#8221; text_larger=&#8221;no&#8221;]\u062a\u0642\u062f\u0645 \u0645\u062c\u0645\u0648\u0639\u0629 \u0634\u064a\u0628\u0627\u0646 \u0623\u0641\u0636\u0644 \u0627\u0644\u0645\u0646\u062a\u062c\u0627\u062a \u0628\u0623\u0641\u0636\u0644 \u0627\u0644\u0623\u0633\u0639\u0627\u0631 \u0627\u062a\u0635\u0644 \u0628\u0646\u0627<\/p>\n<div style=\"line-height: 2;\"><i class=\"fa fa-location-arrow\" style=\"width: 15px; text-align: center; margin-right: 4px; color: #676767;\"><\/i>\u0130ncili P\u0131nar, 27090 \u015eehitkamil\/Gaziantep<br \/>\n<i class=\"fa fa-mobile\" style=\"width: 15px; text-align: center; margin-right: 4px; color: #676767;\"><\/i> \u0631\u0642\u0645 \u0627\u0644\u0647\u0627\u062a\u0641 : 23 29 430 552 90+<br \/>\n<i class=\"fa fa-envelope-o\" style=\"width: 15px; text-align: center; margin-right: 4px; color: #676767;\"><\/i> \u0627\u0644\u0625\u064a\u0645\u064a\u0644 : info@sheepangroup.com<\/div>\n<p>[\/vc_column_text][\/vc_column][\/vc_row]<\/p>\n<\/div>","protected":false},"excerpt":{"rendered":"<p><a style=\"color: #d62025; font-weight: 600;\" href=\"https:\/\/sheepangroup.com\/ar\/product-tag\/%d9%85%d8%a8%d8%b1%d9%91%d8%af%d8%a7%d8%aa-%d9%85%d8%a7%d8%a1\u0639\u0628\u0648\u0629 \u0641\u0644\u062a\u0631 \u0645\u0627\u0621 \u062d\u062c\u0645 20\u0644\u064a\u062a\u0631 , \u062d\u0628\u064a\u0628\u0627\u062a \u062a\u0635\u0641\u064a\u0629 , \u0643\u0641\u0627\u0621\u0629 1500\u0644\u064a\u062a\u0631 ,\u0643\u0631\u062a\u0648\u0646 \u0645\u0644\u0648\u0646 , \u062a\u0635\u0645\u064a\u0645 \u0623\u0646\u064a\u0642\"> <button type=\"button\"> <img decoding=\"async\" src=\"https:\/\/sheepangroup.com\/wp-content\/uploads\/2021\/07\/right-arrow.png\" \/>\u00a0\u0627\u0644\u0639\u0648\u062f\u0629 \u0644\u0644\u0642\u0633\u0645 <\/button> <\/a><\/p>\n<div class=\"dad65929\">\n<div class=\"f9bf7997 d7dc56a8 c05b5566\">\n<div class=\"ds-markdown ds-markdown--block\">\n<ul>\n<li>\u0639\u0628\u0648\u0629 \u0641\u0644\u062a\u0631\u0629 \u0645\u0627\u0621 \u0633\u0639\u0629\u00a0<strong>20 \u0644\u062a\u0631<\/strong>.<\/li>\n<li>\u062a\u062d\u062a\u0648\u064a \u0639\u0644\u0649\u00a0<strong>\u062d\u0628\u064a\u0628\u0627\u062a \u062a\u0635\u0641\u064a\u0629<\/strong>.<\/li>\n<li>\u0643\u0641\u0627\u0621\u0629 \u0641\u0644\u062a\u0631\u0629 \u062a\u0635\u0644 \u0625\u0644\u0649\u00a0<strong>1500 \u0644\u062a\u0631<\/strong>.<\/li>\n<li>\u062a\u063a\u0644\u064a\u0641 \u0627\u0644\u0643\u0631\u062a\u0648\u0646\u00a0<strong>\u0645\u0644\u0648\u0646<\/strong>.<\/li>\n<\/ul>\n<\/div>\n<div class=\"ds-flex\">\n<div class=\"ds-flex abe97156\">\n<div class=\"ds-icon-button\" tabindex=\"0\">\n<div class=\"ds-icon\"><\/div>\n<\/div>\n<div class=\"ds-icon-button\" tabindex=\"0\">\n<div class=\"ds-icon\"><\/div>\n<\/div>\n<div class=\"ds-icon-button\" tabindex=\"0\">\n<div class=\"ds-icon\"><\/div>\n<\/div>\n<div class=\"ds-icon-button\" tabindex=\"0\">\n<div class=\"ds-icon\"><\/div>\n<\/div>\n<\/div>\n<div><\/div>\n<\/div>\n<\/div>\n<\/div>\n<div class=\"e886deb9\">\n<div class=\"e214291b\"><\/div>\n<\/div>\n","protected":false},"featured_media":14109,"template":"","meta":[],"product_brand":[],"product_cat":[101,175],"product_tag":[116],"class_list":{"0":"post-4089","1":"product","2":"type-product","3":"status-publish","4":"has-post-thumbnail","6":"product_cat-101","7":"product_cat-175","8":"product_tag-116","10":"first","11":"instock","12":"shipping-taxable","13":"product-type-simple"},"_links":{"self":[{"href":"https:\/\/sheepangroup.com\/tr\/wp-json\/wp\/v2\/product\/4089","targetHints":{"allow":["GET"]}}],"collection":[{"href":"https:\/\/sheepangroup.com\/tr\/wp-json\/wp\/v2\/product"}],"about":[{"href":"https:\/\/sheepangroup.com\/tr\/wp-json\/wp\/v2\/types\/product"}],"wp:featuredmedia":[{"embeddable":true,"href":"https:\/\/sheepangroup.com\/tr\/wp-json\/wp\/v2\/media\/14109"}],"wp:attachment":[{"href":"https:\/\/sheepangroup.com\/tr\/wp-json\/wp\/v2\/media?parent=4089"}],"wp:term":[{"taxonomy":"product_brand","embeddable":true,"href":"https:\/\/sheepangroup.com\/tr\/wp-json\/wp\/v2\/product_brand?post=4089"},{"taxonomy":"product_cat","embeddable":true,"href":"https:\/\/sheepangroup.com\/tr\/wp-json\/wp\/v2\/product_cat?post=4089"},{"taxonomy":"product_tag","embeddable":true,"href":"https:\/\/sheepangroup.com\/tr\/wp-json\/wp\/v2\/product_tag?post=4089"}],"curies":[{"name":"wp","href":"https:\/\/api.w.org\/{rel}","templated":true}]}}